{"id":2088,"date":"2025-08-04T09:41:14","date_gmt":"2025-08-04T09:41:14","guid":{"rendered":"https:\/\/solidaritylevies.org\/?page_id=2088"},"modified":"2025-08-04T09:41:14","modified_gmt":"2025-08-04T09:41:14","slug":"nigeria-dashboard-profile","status":"publish","type":"page","link":"https:\/\/solidaritylevies.org\/fr\/nigeria-dashboard-profile\/","title":{"rendered":"Profil du tableau de bord du Nigeria"},"content":{"rendered":"<div id=\"Hero\" class=\"hero\">\n  <img decoding=\"async\" src=\"https:\/\/solidaritylevies.org\/app\/uploads\/2025\/08\/nigeria.jpeg\" alt=\"\" class=\"hero-image\">\n      <div class=\"container\">\n    <div class=\"row\">\n      <div class=\"column\">\n        <div class=\"w-richtext\">\n                   <h1>Profil du pays : Nigeria<\/h1>\n                            <\/div>\n              <\/div>\n    <\/div>\n  <\/div>\n<\/div>\n\n\n\n\n\n\n\n\n\n\n\n\n\n\n\n\n\n\n\n\n<div class=\"section snavy\">\n  <div class=\"container\">\n    <div class=\"row  rcenter\">\n      <div class=\"column\">\n                  <div class=\"w-richtext\"><h3>Ratio imp\u00f4ts\/PIB : 7,9%<\/h3>\n<\/div>\n                \n\n\n      <\/div>\n    <\/div>\n  <\/div>\n<\/div>\n\n\n<div class=\"section slightblue\">\n  <div class=\"container\">\n    <div class=\"row  rcenter\">\n      <div class=\"column\">\n                  <div class=\"w-richtext\"><h3>Aviation tax: No information available<\/h3>\n<\/div>\n                \n\n\n      <\/div>\n    <\/div>\n  <\/div>\n<\/div>\n\n\n<div class=\"section swhite\">\n  <div class=\"container\">\n    <div class=\"row  rcenter\">\n      <div class=\"column\">\n                  <div class=\"w-richtext\"><h3>Financial Transactions Tax (FTT): Yes \u2013 tax in place<\/h3>\n<p>Droit de timbre\/taxe sur les transactions financi\u00e8res : Toute entit\u00e9 ou personne ayant une \"pr\u00e9sence significative\", m\u00eame si elle n'est pas physique, est d\u00e9sormais soumise \u00e0 un droit de timbre de 50 N sur les virements bancaires d'un compte \u00e0 un autre d'une valeur sup\u00e9rieure \u00e0 10 000 N, \u00e0 moins qu'il ne s'agisse d'une personne qui transf\u00e8re de l'argent entre ses propres comptes bancaires personnels et le compte de l'entreprise. Le projet de loi de finances 2019 modifie les sections 9, 10, 13, 16, 19, 20, 23, 24, 27, 29, 31, 33, 39, 40, 41, 43, 53, 55, 77, 78, 80, 81, et 105 de la CITA. Elle modifiera \u00e9galement les troisi\u00e8me et septi\u00e8me annexes de la loi relative \u00e0 l'imp\u00f4t sur le revenu des soci\u00e9t\u00e9s (\"CITA\"). Les amendements signifient que les soci\u00e9t\u00e9s qui n'ont pas de TIN ne peuvent pas g\u00e9rer de comptes d'entreprise dans le pays, que les soci\u00e9t\u00e9s \u00e9trang\u00e8res engag\u00e9es dans l'\u00e9conomie \"num\u00e9rique\" seront soumises au paiement de l'imp\u00f4t au Nigeria, et que toute soci\u00e9t\u00e9 num\u00e9rique ayant une \"pr\u00e9sence \u00e9conomique significative\" au Nigeria, m\u00eame sans aucune pr\u00e9sence physique dans le pays, mais effectuant une sorte de commerce financier, devrait payer l'imp\u00f4t (Udo 2019). La base de l'imp\u00f4t minimum est pr\u00e9lev\u00e9e et payable par une soci\u00e9t\u00e9 pour toute ann\u00e9e d'\u00e9valuation lorsque, lors de la d\u00e9termination des b\u00e9n\u00e9fices totaux \u00e9valuables provenant de toutes les sources, une perte se produit, ou que l'imp\u00f4t sur les b\u00e9n\u00e9fices totaux est inf\u00e9rieur \u00e0 l'imp\u00f4t minimum tel que d\u00e9termin\u00e9 ci-dessous ; lorsque le chiffre d'affaires est de N500 000 ou inf\u00e9rieur, l'imp\u00f4t minimum \u00e0 payer est le plus \u00e9lev\u00e9 de : 0,5% des b\u00e9n\u00e9fices bruts, 0,5% de l'actif net, 0,25% du capital lib\u00e9r\u00e9, ou 0,25% du chiffre d'affaires de l'ann\u00e9e. Lorsque le chiffre d'affaires est sup\u00e9rieur \u00e0 500 000 N, l'imp\u00f4t minimum \u00e0 payer est \u00e9gal \u00e0 la somme du facteur le plus \u00e9lev\u00e9 des facteurs ci-dessus, plus 0,125% du chiffre d'affaires sup\u00e9rieur \u00e0 500 000 N. Les exceptions \u00e0 l'imp\u00f4t minimum sont les suivantes : il n'est pas applicable \u00e0 une soci\u00e9t\u00e9 pendant les quatre premi\u00e8res ann\u00e9es de son activit\u00e9, il n'est pas non plus applicable au commerce ou \u00e0 l'activit\u00e9 agricole tels que d\u00e9finis \u00e0 la section 9 (8) de la loi sur l'imp\u00f4t sur le revenu des soci\u00e9t\u00e9s, et il n'est pas applicable \u00e0 toute soci\u00e9t\u00e9 dont le capital social import\u00e9 est d'au moins 25 pour cent.<\/p>\n<p><a href=\"https:\/\/cepr.net\/publications\/financial-transactions-taxes-around-the-world\/\">Source<\/a><\/p>\n<\/div>\n                \n\n\n      <\/div>\n    <\/div>\n  <\/div>\n<\/div>\n\n\n<div class=\"section snavy\">\n  <div class=\"container\">\n    <div class=\"row  rcenter\">\n      <div class=\"column\">\n                  <div class=\"w-richtext\"><h3>Oil &amp; Gas Revenues:\u00a0<i><\/i><\/h3>\n<ul class=\"ul1\">\n<li class=\"li1\">Recettes publiques totales provenant du p\u00e9trole et du gaz en 2022 : $17,5 milliards d'euros<\/li>\n<li class=\"li1\">Share of oil &amp; gas activity covered: 100%<\/li>\n<\/ul>\n<p class=\"p1\">Source: ICTD<\/p>\n<p class=\"p1\"><i>These figures represent an aggregate of fossil fuel revenues collected through various fiscal instruments, including royalties, taxes, and production entitlements.<\/i><i><\/i><\/p>\n<\/div>\n                \n\n\n      <\/div>\n    <\/div>\n  <\/div>\n<\/div>\n\n\n<div class=\"section sgrey\">\n  <div class=\"container\">\n    <div class=\"row  rcenter\">\n      <div class=\"column\">\n                  <div class=\"w-richtext\"><h3>Carbon Pricing: No information available<\/h3>\n<\/div>\n                \n\n\n      <\/div>\n    <\/div>\n  <\/div>\n<\/div>\n\n\n<div class=\"section sforestgreen\">\n  <div class=\"container\">\n    <div class=\"row  rcenter\">\n            <div class=\"column  center\">\n        <div class=\"w-richtext\">\n          <h2><\/h2>\n          <p><\/p>\n        <\/div>\n                                                            <a href=\"https:\/\/solidaritylevies.org\/fr\/solidarity-levies-dashboard\/\" class=\"button w-button\">Back to Dashboard<\/a>\n                                                  <\/div>\n                                   <\/div>\n  <\/div>\n<\/div>","protected":false},"excerpt":{"rendered":"","protected":false},"author":20,"featured_media":0,"parent":0,"menu_order":0,"comment_status":"closed","ping_status":"closed","template":"","meta":{"_acf_changed":false,"footnotes":""},"acf":[],"yoast_head":"<!-- This site is optimized with the Yoast SEO plugin v22.7 - https:\/\/yoast.com\/wordpress\/plugins\/seo\/ -->\n<title>Nigeria Dashboard Profile | Global Solidarity Levies Task Force<\/title>\n<meta name=\"description\" content=\"The Global Solidarity Levies Task Force brings together countries from around the world to advance options for international levelies that will raise much needed revenue for the fight against climate change, and to support development and nature.\" \/>\n<meta name=\"robots\" content=\"index, follow, max-snippet:-1, max-image-preview:large, max-video-preview:-1\" \/>\n<link rel=\"canonical\" href=\"https:\/\/solidaritylevies.org\/fr\/nigeria-dashboard-profile\/\" \/>\n<meta property=\"og:locale\" content=\"fr_FR\" \/>\n<meta property=\"og:type\" content=\"article\" \/>\n<meta property=\"og:title\" content=\"Nigeria Dashboard Profile | Global Solidarity Levies Task Force\" \/>\n<meta property=\"og:description\" content=\"The Global Solidarity Levies Task Force brings together countries from around the world to advance options for international levelies that will raise much needed revenue for the fight against climate change, and to support development and nature.\" \/>\n<meta property=\"og:url\" content=\"https:\/\/solidaritylevies.org\/fr\/nigeria-dashboard-profile\/\" \/>\n<meta property=\"og:site_name\" content=\"Global Solidarity Levies Task Force\" \/>\n<meta property=\"og:image\" content=\"https:\/\/solidaritylevies.org\/app\/uploads\/2024\/06\/Global-Solidarity-Levies-Task-Force-Meta-Image-1-scaled.jpg\" \/>\n\t<meta property=\"og:image:width\" content=\"2560\" \/>\n\t<meta property=\"og:image:height\" content=\"1343\" \/>\n\t<meta property=\"og:image:type\" content=\"image\/jpeg\" \/>\n<meta name=\"twitter:card\" content=\"summary_large_image\" \/>\n<meta name=\"twitter:site\" content=\"@gsltaskforce\" \/>\n<script type=\"application\/ld+json\" class=\"yoast-schema-graph\">{\"@context\":\"https:\/\/schema.org\",\"@graph\":[{\"@type\":\"WebPage\",\"@id\":\"https:\/\/solidaritylevies.org\/nigeria-dashboard-profile\/\",\"url\":\"https:\/\/solidaritylevies.org\/nigeria-dashboard-profile\/\",\"name\":\"Nigeria Dashboard Profile | Global Solidarity Levies Task Force\",\"isPartOf\":{\"@id\":\"https:\/\/solidaritylevies.org\/#website\"},\"datePublished\":\"2025-08-04T09:41:14+00:00\",\"dateModified\":\"2025-08-04T09:41:14+00:00\",\"description\":\"The Global Solidarity Levies Task Force brings together countries from around the world to advance options for international levelies that will raise much needed revenue for the fight against climate change, and to support development and nature.\",\"breadcrumb\":{\"@id\":\"https:\/\/solidaritylevies.org\/nigeria-dashboard-profile\/#breadcrumb\"},\"inLanguage\":\"fr-FR\",\"potentialAction\":[{\"@type\":\"ReadAction\",\"target\":[\"https:\/\/solidaritylevies.org\/nigeria-dashboard-profile\/\"]}]},{\"@type\":\"BreadcrumbList\",\"@id\":\"https:\/\/solidaritylevies.org\/nigeria-dashboard-profile\/#breadcrumb\",\"itemListElement\":[{\"@type\":\"ListItem\",\"position\":1,\"name\":\"Home\",\"item\":\"https:\/\/solidaritylevies.org\/\"},{\"@type\":\"ListItem\",\"position\":2,\"name\":\"Nigeria Dashboard Profile\"}]},{\"@type\":\"WebSite\",\"@id\":\"https:\/\/solidaritylevies.org\/#website\",\"url\":\"https:\/\/solidaritylevies.org\/\",\"name\":\"Global Solidarity Levies Task Force\",\"description\":\"For People and the Planet\",\"publisher\":{\"@id\":\"https:\/\/solidaritylevies.org\/#organization\"},\"alternateName\":\"GSLTF\",\"potentialAction\":[{\"@type\":\"SearchAction\",\"target\":{\"@type\":\"EntryPoint\",\"urlTemplate\":\"https:\/\/solidaritylevies.org\/?s={search_term_string}\"},\"query-input\":\"required name=search_term_string\"}],\"inLanguage\":\"fr-FR\"},{\"@type\":\"Organization\",\"@id\":\"https:\/\/solidaritylevies.org\/#organization\",\"name\":\"Global Solidarity Levies Task Force\",\"alternateName\":\"GSLTF\",\"url\":\"https:\/\/solidaritylevies.org\/\",\"logo\":{\"@type\":\"ImageObject\",\"inLanguage\":\"fr-FR\",\"@id\":\"https:\/\/solidaritylevies.org\/#\/schema\/logo\/image\/\",\"url\":\"https:\/\/globalsolidaritylevies.org\/app\/uploads\/2024\/06\/cropped-6627a8ba3085d54b8fd46ff9_Circle-p-1080.png\",\"contentUrl\":\"https:\/\/globalsolidaritylevies.org\/app\/uploads\/2024\/06\/cropped-6627a8ba3085d54b8fd46ff9_Circle-p-1080.png\",\"width\":512,\"height\":512,\"caption\":\"Global Solidarity Levies Task Force\"},\"image\":{\"@id\":\"https:\/\/solidaritylevies.org\/#\/schema\/logo\/image\/\"},\"sameAs\":[\"https:\/\/x.com\/gsltaskforce\",\"https:\/\/www.linkedin.com\/company\/global-solidarity-levies-task-force\/\"]}]}<\/script>\n<!-- \/ Yoast SEO plugin. -->","yoast_head_json":{"title":"Nigeria Dashboard Profile | Global Solidarity Levies Task Force","description":"The Global Solidarity Levies Task Force brings together countries from around the world to advance options for international levelies that will raise much needed revenue for the fight against climate change, and to support development and nature.","robots":{"index":"index","follow":"follow","max-snippet":"max-snippet:-1","max-image-preview":"max-image-preview:large","max-video-preview":"max-video-preview:-1"},"canonical":"https:\/\/solidaritylevies.org\/fr\/nigeria-dashboard-profile\/","og_locale":"fr_FR","og_type":"article","og_title":"Nigeria Dashboard Profile | Global Solidarity Levies Task Force","og_description":"The Global Solidarity Levies Task Force brings together countries from around the world to advance options for international levelies that will raise much needed revenue for the fight against climate change, and to support development and nature.","og_url":"https:\/\/solidaritylevies.org\/fr\/nigeria-dashboard-profile\/","og_site_name":"Global Solidarity Levies Task Force","og_image":[{"width":2560,"height":1343,"url":"https:\/\/solidaritylevies.org\/app\/uploads\/2024\/06\/Global-Solidarity-Levies-Task-Force-Meta-Image-1-scaled.jpg","type":"image\/jpeg"}],"twitter_card":"summary_large_image","twitter_site":"@gsltaskforce","schema":{"@context":"https:\/\/schema.org","@graph":[{"@type":"WebPage","@id":"https:\/\/solidaritylevies.org\/nigeria-dashboard-profile\/","url":"https:\/\/solidaritylevies.org\/nigeria-dashboard-profile\/","name":"Nigeria Dashboard Profile | Global Solidarity Levies Task Force","isPartOf":{"@id":"https:\/\/solidaritylevies.org\/#website"},"datePublished":"2025-08-04T09:41:14+00:00","dateModified":"2025-08-04T09:41:14+00:00","description":"The Global Solidarity Levies Task Force brings together countries from around the world to advance options for international levelies that will raise much needed revenue for the fight against climate change, and to support development and nature.","breadcrumb":{"@id":"https:\/\/solidaritylevies.org\/nigeria-dashboard-profile\/#breadcrumb"},"inLanguage":"fr-FR","potentialAction":[{"@type":"ReadAction","target":["https:\/\/solidaritylevies.org\/nigeria-dashboard-profile\/"]}]},{"@type":"BreadcrumbList","@id":"https:\/\/solidaritylevies.org\/nigeria-dashboard-profile\/#breadcrumb","itemListElement":[{"@type":"ListItem","position":1,"name":"Home","item":"https:\/\/solidaritylevies.org\/"},{"@type":"ListItem","position":2,"name":"Nigeria Dashboard Profile"}]},{"@type":"WebSite","@id":"https:\/\/solidaritylevies.org\/#website","url":"https:\/\/solidaritylevies.org\/","name":"Global Solidarity Levies Task Force","description":"For People and the Planet","publisher":{"@id":"https:\/\/solidaritylevies.org\/#organization"},"alternateName":"GSLTF","potentialAction":[{"@type":"SearchAction","target":{"@type":"EntryPoint","urlTemplate":"https:\/\/solidaritylevies.org\/?s={search_term_string}"},"query-input":"required name=search_term_string"}],"inLanguage":"fr-FR"},{"@type":"Organization","@id":"https:\/\/solidaritylevies.org\/#organization","name":"Global Solidarity Levies Task Force","alternateName":"GSLTF","url":"https:\/\/solidaritylevies.org\/","logo":{"@type":"ImageObject","inLanguage":"fr-FR","@id":"https:\/\/solidaritylevies.org\/#\/schema\/logo\/image\/","url":"https:\/\/globalsolidaritylevies.org\/app\/uploads\/2024\/06\/cropped-6627a8ba3085d54b8fd46ff9_Circle-p-1080.png","contentUrl":"https:\/\/globalsolidaritylevies.org\/app\/uploads\/2024\/06\/cropped-6627a8ba3085d54b8fd46ff9_Circle-p-1080.png","width":512,"height":512,"caption":"Global Solidarity Levies Task Force"},"image":{"@id":"https:\/\/solidaritylevies.org\/#\/schema\/logo\/image\/"},"sameAs":["https:\/\/x.com\/gsltaskforce","https:\/\/www.linkedin.com\/company\/global-solidarity-levies-task-force\/"]}]}},"_links":{"self":[{"href":"https:\/\/solidaritylevies.org\/fr\/wp-json\/wp\/v2\/pages\/2088"}],"collection":[{"href":"https:\/\/solidaritylevies.org\/fr\/wp-json\/wp\/v2\/pages"}],"about":[{"href":"https:\/\/solidaritylevies.org\/fr\/wp-json\/wp\/v2\/types\/page"}],"author":[{"embeddable":true,"href":"https:\/\/solidaritylevies.org\/fr\/wp-json\/wp\/v2\/users\/20"}],"replies":[{"embeddable":true,"href":"https:\/\/solidaritylevies.org\/fr\/wp-json\/wp\/v2\/comments?post=2088"}],"version-history":[{"count":1,"href":"https:\/\/solidaritylevies.org\/fr\/wp-json\/wp\/v2\/pages\/2088\/revisions"}],"predecessor-version":[{"id":2090,"href":"https:\/\/solidaritylevies.org\/fr\/wp-json\/wp\/v2\/pages\/2088\/revisions\/2090"}],"wp:attachment":[{"href":"https:\/\/solidaritylevies.org\/fr\/wp-json\/wp\/v2\/media?parent=2088"}],"curies":[{"name":"wp","href":"https:\/\/api.w.org\/{rel}","templated":true}]}}