{"id":14,"date":"2024-05-16T11:24:46","date_gmt":"2024-05-16T11:24:46","guid":{"rendered":"https:\/\/ittf.ddev.site:8443\/?page_id=14"},"modified":"2026-03-09T10:27:35","modified_gmt":"2026-03-09T10:27:35","slug":"contact","status":"publish","type":"page","link":"https:\/\/solidaritylevies.org\/fr\/contact\/","title":{"rendered":"Contact"},"content":{"rendered":"<div id=\"Hero\" class=\"hero\">\n  <img decoding=\"async\" src=\"https:\/\/solidaritylevies.org\/app\/uploads\/2026\/02\/damian-patkowski-T-LfvX-7IVg-unsplash-scaled-e1770374686328.jpg\" alt=\"\" class=\"hero-image\">\n      <div class=\"container\">\n    <div class=\"row\">\n      <div class=\"column\">\n        <div class=\"w-richtext\">\n                   <h1>Nous contacter<\/h1>\n                            <\/div>\n              <\/div>\n    <\/div>\n  <\/div>\n<\/div>\n\n\n\n\n\n\n\n\n\n\n\n\n\n\n\n\n\n\n\n\n<div class=\"section slightblue\">\n  <div class=\"container\">\n    <div class=\"row\">\n      <div class=\"column\">\n                  <div class=\"w-richtext\"><h3>Questions g\u00e9n\u00e9rales<\/h3>\n<p><iframe style=\"width:100%; height:500px;border: 0px; transform: translateZ(0px);\" title=\"Formulaire de contact ITTF\" src=\"https:\/\/form.typeform.com\/to\/tFCavUOj?typeform-embed-id=6543021906633057&amp;typeform-embed=embed-widget&amp;typeform-source=internationaltaxtaskforce.org&amp;typeform-medium=snippet&amp;typeform-medium-version=next&amp;embed-opacity=100&amp;typeform-embed-handles-redirect=1\"><\/iframe><\/p>\n<\/div>\n                \n\n\n      <\/div>\n    <\/div>\n  <\/div>\n<\/div>\n\n\n<div class=\"section snavy\">\n  <div class=\"container\">\n    <div class=\"row  rcenter\">\n            <div class=\"column  center\">\n        <div class=\"w-richtext\">\n          <h2>Restez inform\u00e9<\/h2>\n          <p><p>Inscrivez-vous \u00e0 la newsletter pour recevoir les derni\u00e8res actualit\u00e9s de la Task Force sur la fiscalit\u00e9 solidaire internationale.<\/p>\n<div id=\"mc_embed_shell\">\n<div id=\"mc_embed_signup\">\n<form id=\"mc-embedded-subscribe-form\" class=\"validate\" action=\"https:\/\/europeanclimate.us17.list-manage.com\/subscribe\/post?u=3d3e81548b7933c033b32f018&#038;id=1b90b76516&#038;f_id=00fac2e1f0\" method=\"post\" name=\"mc-embedded-subscribe-form\" novalidate=\"\" target=\"_self\" data-trp-original-action=\"https:\/\/europeanclimate.us17.list-manage.com\/subscribe\/post?u=3d3e81548b7933c033b32f018&amp;id=1b90b76516&amp;f_id=00fac2e1f0\">\n<div id=\"mc_embed_signup_scroll\">\n<div class=\"indicates-required\"><\/div>\n<div class=\"mc-field-group\"><label for=\"mce-EMAIL\">Votre Email <span class=\"asterisk\">*<\/span><\/label><input style=\"color:black;\" id=\"mce-EMAIL\" class=\"required email\" name=\"EMAIL\" required=\"\" type=\"email\" value=\"\" \/><\/div>\n<div hidden=\"\"><input name=\"tags\" type=\"hidden\" value=\"55\" \/><\/div>\n<div id=\"mce-responses\" class=\"clear\">\n<div id=\"mce-error-response\" class=\"response\" style=\"display: none;\"><\/div>\n<div id=\"mce-success-response\" class=\"response\" style=\"display: none;\"><\/div>\n<\/div>\n<div style=\"position: absolute; left: -5000px;\" aria-hidden=\"true\"><input tabindex=\"-1\" name=\"b_3d3e81548b7933c033b32f018_1b90b76516\" type=\"text\" value=\"\" \/><\/div>\n<div class=\"clear\"><input id=\"mc-embedded-subscribe\" class=\"button\" name=\"subscribe\" type=\"submit\" value=\"S&#039;abonner\" \/><\/div>\n<\/div>\n<input type=\"hidden\" name=\"trp-form-language\" value=\"fr\"\/><\/form>\n<\/div>\n<\/div>\n<\/p>\n        <\/div>\n                                                                                <\/div>\n                                   <\/div>\n  <\/div>\n<\/div>","protected":false},"excerpt":{"rendered":"<p>Rassembler les pays pour faire avancer les options en mati\u00e8re de pr\u00e9l\u00e8vements internationaux et g\u00e9n\u00e9rer des recettes pour le changement climatique, le d\u00e9veloppement et la nature<\/p>","protected":false},"author":1,"featured_media":381,"parent":0,"menu_order":0,"comment_status":"closed","ping_status":"closed","template":"","meta":{"_acf_changed":false,"footnotes":""},"acf":[],"yoast_head":"<!-- This site is optimized with the Yoast SEO plugin v22.7 - https:\/\/yoast.com\/wordpress\/plugins\/seo\/ -->\n<title>Contact | Global Solidarity Levies Task Force<\/title>\n<meta name=\"description\" content=\"The Global Solidarity Levies Task Force brings together countries from around the world to advance options for international levelies that will raise much needed revenue for the fight against climate change, and to support development and nature\" \/>\n<meta name=\"robots\" content=\"index, follow, max-snippet:-1, max-image-preview:large, max-video-preview:-1\" \/>\n<link rel=\"canonical\" href=\"https:\/\/solidaritylevies.org\/fr\/contact\/\" \/>\n<meta property=\"og:locale\" content=\"fr_FR\" \/>\n<meta property=\"og:type\" content=\"article\" \/>\n<meta property=\"og:title\" content=\"Contact | Global Solidarity Levies Task Force\" \/>\n<meta property=\"og:description\" content=\"The Global Solidarity Levies Task Force brings together countries from around the world to advance options for international levelies that will raise much needed revenue for the fight against climate change, and to support development and nature\" \/>\n<meta property=\"og:url\" content=\"https:\/\/solidaritylevies.org\/fr\/contact\/\" \/>\n<meta property=\"og:site_name\" content=\"Global Solidarity Levies Task Force\" \/>\n<meta property=\"article:modified_time\" content=\"2026-03-09T10:27:35+00:00\" \/>\n<meta property=\"og:image\" content=\"https:\/\/solidaritylevies.org\/app\/uploads\/2024\/06\/Global-Solidarity-Levies-Task-Force-Meta-Image-1-scaled.jpg\" \/>\n\t<meta property=\"og:image:width\" content=\"2560\" \/>\n\t<meta property=\"og:image:height\" content=\"1343\" \/>\n\t<meta property=\"og:image:type\" content=\"image\/jpeg\" \/>\n<meta name=\"twitter:card\" content=\"summary_large_image\" \/>\n<meta name=\"twitter:title\" content=\"Contact | Global Solidarity Levies Task Force\" \/>\n<meta name=\"twitter:site\" content=\"@gsltaskforce\" \/>\n<meta name=\"twitter:label1\" content=\"Est. reading time\" \/>\n\t<meta name=\"twitter:data1\" content=\"1 minute\" \/>\n<script type=\"application\/ld+json\" class=\"yoast-schema-graph\">{\"@context\":\"https:\/\/schema.org\",\"@graph\":[{\"@type\":\"WebPage\",\"@id\":\"https:\/\/solidaritylevies.org\/contact\/\",\"url\":\"https:\/\/solidaritylevies.org\/contact\/\",\"name\":\"Contact | Global Solidarity Levies Task Force\",\"isPartOf\":{\"@id\":\"https:\/\/solidaritylevies.org\/#website\"},\"primaryImageOfPage\":{\"@id\":\"https:\/\/solidaritylevies.org\/contact\/#primaryimage\"},\"image\":{\"@id\":\"https:\/\/solidaritylevies.org\/contact\/#primaryimage\"},\"thumbnailUrl\":\"https:\/\/solidaritylevies.org\/app\/uploads\/2024\/06\/Global-Solidarity-Levies-Task-Force-Meta-Image-1-scaled.jpg\",\"datePublished\":\"2024-05-16T11:24:46+00:00\",\"dateModified\":\"2026-03-09T10:27:35+00:00\",\"description\":\"The Global Solidarity Levies Task Force brings together countries from around the world to advance options for international levelies that will raise much needed revenue for the fight against climate change, and to support development and nature\",\"breadcrumb\":{\"@id\":\"https:\/\/solidaritylevies.org\/contact\/#breadcrumb\"},\"inLanguage\":\"fr-FR\",\"potentialAction\":[{\"@type\":\"ReadAction\",\"target\":[\"https:\/\/solidaritylevies.org\/contact\/\"]}]},{\"@type\":\"ImageObject\",\"inLanguage\":\"fr-FR\",\"@id\":\"https:\/\/solidaritylevies.org\/contact\/#primaryimage\",\"url\":\"https:\/\/solidaritylevies.org\/app\/uploads\/2024\/06\/Global-Solidarity-Levies-Task-Force-Meta-Image-1-scaled.jpg\",\"contentUrl\":\"https:\/\/solidaritylevies.org\/app\/uploads\/2024\/06\/Global-Solidarity-Levies-Task-Force-Meta-Image-1-scaled.jpg\",\"width\":2560,\"height\":1343},{\"@type\":\"BreadcrumbList\",\"@id\":\"https:\/\/solidaritylevies.org\/contact\/#breadcrumb\",\"itemListElement\":[{\"@type\":\"ListItem\",\"position\":1,\"name\":\"Home\",\"item\":\"https:\/\/solidaritylevies.org\/\"},{\"@type\":\"ListItem\",\"position\":2,\"name\":\"Contact\"}]},{\"@type\":\"WebSite\",\"@id\":\"https:\/\/solidaritylevies.org\/#website\",\"url\":\"https:\/\/solidaritylevies.org\/\",\"name\":\"Global Solidarity Levies Task Force\",\"description\":\"For People and the Planet\",\"publisher\":{\"@id\":\"https:\/\/solidaritylevies.org\/#organization\"},\"alternateName\":\"GSLTF\",\"potentialAction\":[{\"@type\":\"SearchAction\",\"target\":{\"@type\":\"EntryPoint\",\"urlTemplate\":\"https:\/\/solidaritylevies.org\/?s={search_term_string}\"},\"query-input\":\"required name=search_term_string\"}],\"inLanguage\":\"fr-FR\"},{\"@type\":\"Organization\",\"@id\":\"https:\/\/solidaritylevies.org\/#organization\",\"name\":\"Global Solidarity Levies Task Force\",\"alternateName\":\"GSLTF\",\"url\":\"https:\/\/solidaritylevies.org\/\",\"logo\":{\"@type\":\"ImageObject\",\"inLanguage\":\"fr-FR\",\"@id\":\"https:\/\/solidaritylevies.org\/#\/schema\/logo\/image\/\",\"url\":\"https:\/\/globalsolidaritylevies.org\/app\/uploads\/2024\/06\/cropped-6627a8ba3085d54b8fd46ff9_Circle-p-1080.png\",\"contentUrl\":\"https:\/\/globalsolidaritylevies.org\/app\/uploads\/2024\/06\/cropped-6627a8ba3085d54b8fd46ff9_Circle-p-1080.png\",\"width\":512,\"height\":512,\"caption\":\"Global Solidarity Levies Task Force\"},\"image\":{\"@id\":\"https:\/\/solidaritylevies.org\/#\/schema\/logo\/image\/\"},\"sameAs\":[\"https:\/\/x.com\/gsltaskforce\",\"https:\/\/www.linkedin.com\/company\/global-solidarity-levies-task-force\/\"]}]}<\/script>\n<!-- \/ Yoast SEO plugin. -->","yoast_head_json":{"title":"Contact | Global Solidarity Levies Task Force","description":"The Global Solidarity Levies Task Force brings together countries from around the world to advance options for international levelies that will raise much needed revenue for the fight against climate change, and to support development and nature","robots":{"index":"index","follow":"follow","max-snippet":"max-snippet:-1","max-image-preview":"max-image-preview:large","max-video-preview":"max-video-preview:-1"},"canonical":"https:\/\/solidaritylevies.org\/fr\/contact\/","og_locale":"fr_FR","og_type":"article","og_title":"Contact | Global Solidarity Levies Task Force","og_description":"The Global Solidarity Levies Task Force brings together countries from around the world to advance options for international levelies that will raise much needed revenue for the fight against climate change, and to support development and nature","og_url":"https:\/\/solidaritylevies.org\/fr\/contact\/","og_site_name":"Global Solidarity Levies Task Force","article_modified_time":"2026-03-09T10:27:35+00:00","og_image":[{"width":2560,"height":1343,"url":"https:\/\/solidaritylevies.org\/app\/uploads\/2024\/06\/Global-Solidarity-Levies-Task-Force-Meta-Image-1-scaled.jpg","type":"image\/jpeg"}],"twitter_card":"summary_large_image","twitter_title":"Contact | Global Solidarity Levies Task Force","twitter_site":"@gsltaskforce","twitter_misc":{"Est. reading time":"1 minute"},"schema":{"@context":"https:\/\/schema.org","@graph":[{"@type":"WebPage","@id":"https:\/\/solidaritylevies.org\/contact\/","url":"https:\/\/solidaritylevies.org\/contact\/","name":"Contact | Global Solidarity Levies Task Force","isPartOf":{"@id":"https:\/\/solidaritylevies.org\/#website"},"primaryImageOfPage":{"@id":"https:\/\/solidaritylevies.org\/contact\/#primaryimage"},"image":{"@id":"https:\/\/solidaritylevies.org\/contact\/#primaryimage"},"thumbnailUrl":"https:\/\/solidaritylevies.org\/app\/uploads\/2024\/06\/Global-Solidarity-Levies-Task-Force-Meta-Image-1-scaled.jpg","datePublished":"2024-05-16T11:24:46+00:00","dateModified":"2026-03-09T10:27:35+00:00","description":"The Global Solidarity Levies Task Force brings together countries from around the world to advance options for international levelies that will raise much needed revenue for the fight against climate change, and to support development and nature","breadcrumb":{"@id":"https:\/\/solidaritylevies.org\/contact\/#breadcrumb"},"inLanguage":"fr-FR","potentialAction":[{"@type":"ReadAction","target":["https:\/\/solidaritylevies.org\/contact\/"]}]},{"@type":"ImageObject","inLanguage":"fr-FR","@id":"https:\/\/solidaritylevies.org\/contact\/#primaryimage","url":"https:\/\/solidaritylevies.org\/app\/uploads\/2024\/06\/Global-Solidarity-Levies-Task-Force-Meta-Image-1-scaled.jpg","contentUrl":"https:\/\/solidaritylevies.org\/app\/uploads\/2024\/06\/Global-Solidarity-Levies-Task-Force-Meta-Image-1-scaled.jpg","width":2560,"height":1343},{"@type":"BreadcrumbList","@id":"https:\/\/solidaritylevies.org\/contact\/#breadcrumb","itemListElement":[{"@type":"ListItem","position":1,"name":"Home","item":"https:\/\/solidaritylevies.org\/"},{"@type":"ListItem","position":2,"name":"Contact"}]},{"@type":"WebSite","@id":"https:\/\/solidaritylevies.org\/#website","url":"https:\/\/solidaritylevies.org\/","name":"Global Solidarity Levies Task Force","description":"For People and the Planet","publisher":{"@id":"https:\/\/solidaritylevies.org\/#organization"},"alternateName":"GSLTF","potentialAction":[{"@type":"SearchAction","target":{"@type":"EntryPoint","urlTemplate":"https:\/\/solidaritylevies.org\/?s={search_term_string}"},"query-input":"required name=search_term_string"}],"inLanguage":"fr-FR"},{"@type":"Organization","@id":"https:\/\/solidaritylevies.org\/#organization","name":"Global Solidarity Levies Task Force","alternateName":"GSLTF","url":"https:\/\/solidaritylevies.org\/","logo":{"@type":"ImageObject","inLanguage":"fr-FR","@id":"https:\/\/solidaritylevies.org\/#\/schema\/logo\/image\/","url":"https:\/\/globalsolidaritylevies.org\/app\/uploads\/2024\/06\/cropped-6627a8ba3085d54b8fd46ff9_Circle-p-1080.png","contentUrl":"https:\/\/globalsolidaritylevies.org\/app\/uploads\/2024\/06\/cropped-6627a8ba3085d54b8fd46ff9_Circle-p-1080.png","width":512,"height":512,"caption":"Global Solidarity Levies Task Force"},"image":{"@id":"https:\/\/solidaritylevies.org\/#\/schema\/logo\/image\/"},"sameAs":["https:\/\/x.com\/gsltaskforce","https:\/\/www.linkedin.com\/company\/global-solidarity-levies-task-force\/"]}]}},"_links":{"self":[{"href":"https:\/\/solidaritylevies.org\/fr\/wp-json\/wp\/v2\/pages\/14"}],"collection":[{"href":"https:\/\/solidaritylevies.org\/fr\/wp-json\/wp\/v2\/pages"}],"about":[{"href":"https:\/\/solidaritylevies.org\/fr\/wp-json\/wp\/v2\/types\/page"}],"author":[{"embeddable":true,"href":"https:\/\/solidaritylevies.org\/fr\/wp-json\/wp\/v2\/users\/1"}],"replies":[{"embeddable":true,"href":"https:\/\/solidaritylevies.org\/fr\/wp-json\/wp\/v2\/comments?post=14"}],"version-history":[{"count":9,"href":"https:\/\/solidaritylevies.org\/fr\/wp-json\/wp\/v2\/pages\/14\/revisions"}],"predecessor-version":[{"id":3580,"href":"https:\/\/solidaritylevies.org\/fr\/wp-json\/wp\/v2\/pages\/14\/revisions\/3580"}],"wp:featuredmedia":[{"embeddable":true,"href":"https:\/\/solidaritylevies.org\/fr\/wp-json\/wp\/v2\/media\/381"}],"wp:attachment":[{"href":"https:\/\/solidaritylevies.org\/fr\/wp-json\/wp\/v2\/media?parent=14"}],"curies":[{"name":"wp","href":"https:\/\/api.w.org\/{rel}","templated":true}]}}