{"id":12,"date":"2024-05-16T11:24:34","date_gmt":"2024-05-16T11:24:34","guid":{"rendered":"https:\/\/ittf.ddev.site:8443\/?page_id=12"},"modified":"2026-03-09T17:22:03","modified_gmt":"2026-03-09T17:22:03","slug":"latest","status":"publish","type":"page","link":"https:\/\/solidaritylevies.org\/fr\/latest\/","title":{"rendered":"Derni\u00e8res actualit\u00e9s"},"content":{"rendered":"<div id=\"Hero\" class=\"hero\">\n  <img decoding=\"async\" src=\"https:\/\/solidaritylevies.org\/app\/uploads\/2026\/02\/colin-lloyd-V72xxgvew-A-unsplash-scaled-e1770291449588.jpg\" alt=\"\" class=\"hero-image\">\n      <div class=\"container\">\n    <div class=\"row\">\n      <div class=\"column\">\n        <div class=\"w-richtext\">\n                   <h1>Derni\u00e8res mises \u00e0 jour et r\u00e9flexions<\/h1>\n                            <\/div>\n                                                                                                    <a href=\"https:\/\/solidaritylevies.org\/fr\/consultations\/\" class=\"button w-button\">Consultations<\/a>\n                                                <\/div>\n    <\/div>\n  <\/div>\n<\/div>\n\n\n\n\n\n\n\n\n\n\n\n\n\n\n\n\n\n\n\n\n<div id=\"news\" data-slug=\"news\" data-name=\"news\" class=\"anchor-point\"><p>Point d'ancrage : actualit\u00e9s<\/p><\/div>\n\n\n<div id=\"article-listing\" data-prefilter='false' class=\"section  sgrey\">\n  <div class=\"container\">\n    <div class=\"filter-bar\">\n      \n      <div data-delay=\"0\" data-hover=\"false\" class=\"filter-dropdown w-dropdown\">\n        <div class=\"dropdown-toggle w-dropdown-toggle\">\n          <div class=\"icon-2 w-icon-dropdown-toggle\"><\/div>\n          <div>Sujet<\/div>\n          <div class=\"tab-num\">5<\/div>\n        <\/div>\n\n        <nav class=\"dropdown-list w-dropdown-list\">\n                    <a data-term=\"aviation\" class=\"dd-link w-inline-block topic-term\">\n            <div class=\"checkbox\"><\/div>\n            <div>Aviation<\/div>\n          <\/a>\n                    <a data-term=\"cryptocurrency\" class=\"dd-link w-inline-block topic-term\">\n            <div class=\"checkbox\"><\/div>\n            <div>Crypto-monnaie<\/div>\n          <\/a>\n                    <a data-term=\"financial-transactions\" class=\"dd-link w-inline-block topic-term\">\n            <div class=\"checkbox\"><\/div>\n            <div>Taxe sur les transactions financi\u00e8res<\/div>\n          <\/a>\n                    <a data-term=\"fossil-fuels\" class=\"dd-link w-inline-block topic-term\">\n            <div class=\"checkbox\"><\/div>\n            <div>Fossil Fuels<\/div>\n          <\/a>\n                    <a data-term=\"latest\" class=\"dd-link w-inline-block topic-term\">\n            <div class=\"checkbox\"><\/div>\n            <div>Derni\u00e8res actualit\u00e9s<\/div>\n          <\/a>\n          \n        <\/nav>\n      <\/div>\n            <div data-delay=\"0\" data-hover=\"false\" class=\"filter-dropdown w-dropdown content-type-dropdown\">\n        <div class=\"dropdown-toggle w-dropdown-toggle\">\n          <div class=\"icon-2 w-icon-dropdown-toggle\"><\/div>\n          <div>Type de contenu<\/div>\n          <div class=\"tab-num\">9<\/div>\n        <\/div>\n        <nav class=\"dropdown-list w-dropdown-list\">\n                    <a data-term=\"article\"class=\"dd-link w-inline-block content-type-term\">\n            <div class=\"checkbox\"><\/div>\n            <div>Article<\/div>\n          <\/a>\n                      <a data-term=\"consultation\"class=\"dd-link w-inline-block content-type-term\">\n            <div class=\"checkbox\"><\/div>\n            <div>Consultation<\/div>\n          <\/a>\n                      <a data-term=\"event\"class=\"dd-link w-inline-block content-type-term\">\n            <div class=\"checkbox\"><\/div>\n            <div>\u00c9v\u00e9nement<\/div>\n          <\/a>\n                      <a data-term=\"job-advert\"class=\"dd-link w-inline-block content-type-term\">\n            <div class=\"checkbox\"><\/div>\n            <div>Annonce d'emploi<\/div>\n          <\/a>\n                      <a data-term=\"newsletter\"class=\"dd-link w-inline-block content-type-term\">\n            <div class=\"checkbox\"><\/div>\n            <div>Bulletin d'information<\/div>\n          <\/a>\n                      <a data-term=\"press-release\"class=\"dd-link w-inline-block content-type-term\">\n            <div class=\"checkbox\"><\/div>\n            <div>Communiqu\u00e9 de presse<\/div>\n          <\/a>\n                      <a data-term=\"report\"class=\"dd-link w-inline-block content-type-term\">\n            <div class=\"checkbox\"><\/div>\n            <div>Rapport<\/div>\n          <\/a>\n                      <a data-term=\"resource\"class=\"dd-link w-inline-block content-type-term\">\n            <div class=\"checkbox\"><\/div>\n            <div>Ressources<\/div>\n          <\/a>\n                      <a data-term=\"uncategorized\"class=\"dd-link w-inline-block content-type-term\">\n            <div class=\"checkbox\"><\/div>\n            <div>Non class\u00e9<\/div>\n          <\/a>\n                    <\/nav>\n      <\/div>\n            <a class=\"button-2 reset-button w-button\"><span class=\"fa\">\uf2ea<\/span> Remise \u00e0 z\u00e9ro<\/a>\n    <\/div>\n    <div id=\"articles\">\n  <\/div>\n<\/div>\n<\/div>\n\n\n<div class=\"section snavy\">\n  <div class=\"container\">\n    <div class=\"row\">\n            <div class=\"column  divide\">\n        <div class=\"w-richtext\">\n          <h2>Nous contacter<\/h2>\n          <p><p>Contactez-nous pour toute requ\u00eate presse et media ou toute autre question.<\/p>\n<\/p>\n        <\/div>\n                                                            <a href=\"https:\/\/solidaritylevies.org\/fr\/contact\/\" class=\"button w-button\">Contactez nous<\/a>\n                                                  <\/div>\n                                  <div class=\"column\">\n            <div class=\"w-richtext\">\n              <h2>Restez inform\u00e9<\/h2>\n              <p><p>Inscrivez-vous \u00e0 notre lettre d'information pour \u00eatre tenu au courant des derni\u00e8res nouvelles du groupe de travail sur les taxes de solidarit\u00e9 mondiale.<\/p>\n<div id=\"mc_embed_shell\">\n<div id=\"mc_embed_signup\">\n<form id=\"mc-embedded-subscribe-form\" class=\"validate\" action=\"https:\/\/europeanclimate.us17.list-manage.com\/subscribe\/post?u=3d3e81548b7933c033b32f018&#038;id=1b90b76516&#038;f_id=00fac2e1f0\" method=\"post\" name=\"mc-embedded-subscribe-form\" novalidate=\"\" target=\"_self\" data-trp-original-action=\"https:\/\/europeanclimate.us17.list-manage.com\/subscribe\/post?u=3d3e81548b7933c033b32f018&amp;id=1b90b76516&amp;f_id=00fac2e1f0\">\n<div id=\"mc_embed_signup_scroll\">\n<div class=\"indicates-required\"><\/div>\n<div class=\"mc-field-group\"><label for=\"mce-EMAIL\">Votre Email <span class=\"asterisk\">*<\/span><\/label><input id=\"mce-EMAIL\" class=\"required email\" style=\"color: black;\" name=\"EMAIL\" required=\"\" type=\"email\" value=\"\" \/><\/div>\n<div hidden=\"\"><input name=\"tags\" type=\"hidden\" value=\"55\" \/><\/div>\n<div id=\"mce-responses\" class=\"clear\">\n<div id=\"mce-error-response\" class=\"response\" style=\"display: none;\"><\/div>\n<div id=\"mce-success-response\" class=\"response\" style=\"display: none;\"><\/div>\n<\/div>\n<div style=\"position: absolute; left: -5000px;\" aria-hidden=\"true\"><input tabindex=\"-1\" name=\"b_3d3e81548b7933c033b32f018_1b90b76516\" type=\"text\" value=\"\" \/><\/div>\n<div class=\"clear\"><input id=\"mc-embedded-subscribe\" class=\"button\" name=\"subscribe\" type=\"submit\" value=\"S&#039;abonner\" \/><\/div>\n<\/div>\n<input type=\"hidden\" name=\"trp-form-language\" value=\"fr\"\/><\/form>\n<\/div>\n<\/div>\n<\/p>\n            <\/div>\n                                                                                                                <\/div>\n                     <\/div>\n  <\/div>\n<\/div>","protected":false},"excerpt":{"rendered":"<p>Rassembler les pays pour faire avancer les options en mati\u00e8re de pr\u00e9l\u00e8vements internationaux et g\u00e9n\u00e9rer des recettes pour le changement climatique, le d\u00e9veloppement et la nature<\/p>","protected":false},"author":1,"featured_media":381,"parent":0,"menu_order":0,"comment_status":"closed","ping_status":"closed","template":"","meta":{"_acf_changed":false,"footnotes":""},"acf":[],"yoast_head":"<!-- This site is optimized with the Yoast SEO plugin v22.7 - https:\/\/yoast.com\/wordpress\/plugins\/seo\/ -->\n<title>Latest | Global Solidarity Levies Task Force<\/title>\n<meta name=\"description\" content=\"The Global Solidarity Levies Task Force brings together countries from around the world to advance options for international levelies that will raise much needed revenue for the fight against climate change, and to support development and nature\" \/>\n<meta name=\"robots\" content=\"index, follow, max-snippet:-1, max-image-preview:large, max-video-preview:-1\" \/>\n<link rel=\"canonical\" href=\"https:\/\/solidaritylevies.org\/fr\/latest\/\" \/>\n<meta property=\"og:locale\" content=\"fr_FR\" \/>\n<meta property=\"og:type\" content=\"article\" \/>\n<meta property=\"og:title\" content=\"Latest | Global Solidarity Levies Task Force\" \/>\n<meta property=\"og:description\" content=\"The Global Solidarity Levies Task Force brings together countries from around the world to advance options for international levelies that will raise much needed revenue for the fight against climate change, and to support development and nature\" \/>\n<meta property=\"og:url\" content=\"https:\/\/solidaritylevies.org\/fr\/latest\/\" \/>\n<meta property=\"og:site_name\" content=\"Global Solidarity Levies Task Force\" \/>\n<meta property=\"article:modified_time\" content=\"2026-03-09T17:22:03+00:00\" \/>\n<meta property=\"og:image\" content=\"https:\/\/solidaritylevies.org\/app\/uploads\/2024\/06\/Global-Solidarity-Levies-Task-Force-Meta-Image-1-scaled.jpg\" \/>\n\t<meta property=\"og:image:width\" content=\"2560\" \/>\n\t<meta property=\"og:image:height\" content=\"1343\" \/>\n\t<meta property=\"og:image:type\" content=\"image\/jpeg\" \/>\n<meta name=\"twitter:card\" content=\"summary_large_image\" \/>\n<meta name=\"twitter:title\" content=\"Latest | Global Solidarity Levies Task Force\" \/>\n<meta name=\"twitter:description\" content=\"The Global Solidarity Levies Task Force brings together countries from around the world to advance options for international levelies that will raise much needed revenue for the fight against climate change, and to support development and nature\" \/>\n<meta name=\"twitter:image\" content=\"https:\/\/solidaritylevies.org\/app\/uploads\/2024\/06\/Global-Solidarity-Levies-Task-Force-Meta-Image-1-scaled.jpg\" \/>\n<meta name=\"twitter:site\" content=\"@gsltaskforce\" \/>\n<meta name=\"twitter:label1\" content=\"Est. reading time\" \/>\n\t<meta name=\"twitter:data1\" content=\"1 minute\" \/>\n<script type=\"application\/ld+json\" class=\"yoast-schema-graph\">{\"@context\":\"https:\/\/schema.org\",\"@graph\":[{\"@type\":\"WebPage\",\"@id\":\"https:\/\/solidaritylevies.org\/latest\/\",\"url\":\"https:\/\/solidaritylevies.org\/latest\/\",\"name\":\"Latest | Global Solidarity Levies Task Force\",\"isPartOf\":{\"@id\":\"https:\/\/solidaritylevies.org\/#website\"},\"primaryImageOfPage\":{\"@id\":\"https:\/\/solidaritylevies.org\/latest\/#primaryimage\"},\"image\":{\"@id\":\"https:\/\/solidaritylevies.org\/latest\/#primaryimage\"},\"thumbnailUrl\":\"https:\/\/solidaritylevies.org\/app\/uploads\/2024\/06\/Global-Solidarity-Levies-Task-Force-Meta-Image-1-scaled.jpg\",\"datePublished\":\"2024-05-16T11:24:34+00:00\",\"dateModified\":\"2026-03-09T17:22:03+00:00\",\"description\":\"The Global Solidarity Levies Task Force brings together countries from around the world to advance options for international levelies that will raise much needed revenue for the fight against climate change, and to support development and nature\",\"breadcrumb\":{\"@id\":\"https:\/\/solidaritylevies.org\/latest\/#breadcrumb\"},\"inLanguage\":\"fr-FR\",\"potentialAction\":[{\"@type\":\"ReadAction\",\"target\":[\"https:\/\/solidaritylevies.org\/latest\/\"]}]},{\"@type\":\"ImageObject\",\"inLanguage\":\"fr-FR\",\"@id\":\"https:\/\/solidaritylevies.org\/latest\/#primaryimage\",\"url\":\"https:\/\/solidaritylevies.org\/app\/uploads\/2024\/06\/Global-Solidarity-Levies-Task-Force-Meta-Image-1-scaled.jpg\",\"contentUrl\":\"https:\/\/solidaritylevies.org\/app\/uploads\/2024\/06\/Global-Solidarity-Levies-Task-Force-Meta-Image-1-scaled.jpg\",\"width\":2560,\"height\":1343},{\"@type\":\"BreadcrumbList\",\"@id\":\"https:\/\/solidaritylevies.org\/latest\/#breadcrumb\",\"itemListElement\":[{\"@type\":\"ListItem\",\"position\":1,\"name\":\"Home\",\"item\":\"https:\/\/solidaritylevies.org\/\"},{\"@type\":\"ListItem\",\"position\":2,\"name\":\"Latest\"}]},{\"@type\":\"WebSite\",\"@id\":\"https:\/\/solidaritylevies.org\/#website\",\"url\":\"https:\/\/solidaritylevies.org\/\",\"name\":\"Global Solidarity Levies Task Force\",\"description\":\"For People and the Planet\",\"publisher\":{\"@id\":\"https:\/\/solidaritylevies.org\/#organization\"},\"alternateName\":\"GSLTF\",\"potentialAction\":[{\"@type\":\"SearchAction\",\"target\":{\"@type\":\"EntryPoint\",\"urlTemplate\":\"https:\/\/solidaritylevies.org\/?s={search_term_string}\"},\"query-input\":\"required name=search_term_string\"}],\"inLanguage\":\"fr-FR\"},{\"@type\":\"Organization\",\"@id\":\"https:\/\/solidaritylevies.org\/#organization\",\"name\":\"Global Solidarity Levies Task Force\",\"alternateName\":\"GSLTF\",\"url\":\"https:\/\/solidaritylevies.org\/\",\"logo\":{\"@type\":\"ImageObject\",\"inLanguage\":\"fr-FR\",\"@id\":\"https:\/\/solidaritylevies.org\/#\/schema\/logo\/image\/\",\"url\":\"https:\/\/globalsolidaritylevies.org\/app\/uploads\/2024\/06\/cropped-6627a8ba3085d54b8fd46ff9_Circle-p-1080.png\",\"contentUrl\":\"https:\/\/globalsolidaritylevies.org\/app\/uploads\/2024\/06\/cropped-6627a8ba3085d54b8fd46ff9_Circle-p-1080.png\",\"width\":512,\"height\":512,\"caption\":\"Global Solidarity Levies Task Force\"},\"image\":{\"@id\":\"https:\/\/solidaritylevies.org\/#\/schema\/logo\/image\/\"},\"sameAs\":[\"https:\/\/x.com\/gsltaskforce\",\"https:\/\/www.linkedin.com\/company\/global-solidarity-levies-task-force\/\"]}]}<\/script>\n<!-- \/ Yoast SEO plugin. -->","yoast_head_json":{"title":"Latest | Global Solidarity Levies Task Force","description":"The Global Solidarity Levies Task Force brings together countries from around the world to advance options for international levelies that will raise much needed revenue for the fight against climate change, and to support development and nature","robots":{"index":"index","follow":"follow","max-snippet":"max-snippet:-1","max-image-preview":"max-image-preview:large","max-video-preview":"max-video-preview:-1"},"canonical":"https:\/\/solidaritylevies.org\/fr\/latest\/","og_locale":"fr_FR","og_type":"article","og_title":"Latest | Global Solidarity Levies Task Force","og_description":"The Global Solidarity Levies Task Force brings together countries from around the world to advance options for international levelies that will raise much needed revenue for the fight against climate change, and to support development and nature","og_url":"https:\/\/solidaritylevies.org\/fr\/latest\/","og_site_name":"Global Solidarity Levies Task Force","article_modified_time":"2026-03-09T17:22:03+00:00","og_image":[{"width":2560,"height":1343,"url":"https:\/\/solidaritylevies.org\/app\/uploads\/2024\/06\/Global-Solidarity-Levies-Task-Force-Meta-Image-1-scaled.jpg","type":"image\/jpeg"}],"twitter_card":"summary_large_image","twitter_title":"Latest | Global Solidarity Levies Task Force","twitter_description":"The Global Solidarity Levies Task Force brings together countries from around the world to advance options for international levelies that will raise much needed revenue for the fight against climate change, and to support development and nature","twitter_image":"https:\/\/solidaritylevies.org\/app\/uploads\/2024\/06\/Global-Solidarity-Levies-Task-Force-Meta-Image-1-scaled.jpg","twitter_site":"@gsltaskforce","twitter_misc":{"Est. reading time":"1 minute"},"schema":{"@context":"https:\/\/schema.org","@graph":[{"@type":"WebPage","@id":"https:\/\/solidaritylevies.org\/latest\/","url":"https:\/\/solidaritylevies.org\/latest\/","name":"Latest | Global Solidarity Levies Task Force","isPartOf":{"@id":"https:\/\/solidaritylevies.org\/#website"},"primaryImageOfPage":{"@id":"https:\/\/solidaritylevies.org\/latest\/#primaryimage"},"image":{"@id":"https:\/\/solidaritylevies.org\/latest\/#primaryimage"},"thumbnailUrl":"https:\/\/solidaritylevies.org\/app\/uploads\/2024\/06\/Global-Solidarity-Levies-Task-Force-Meta-Image-1-scaled.jpg","datePublished":"2024-05-16T11:24:34+00:00","dateModified":"2026-03-09T17:22:03+00:00","description":"The Global Solidarity Levies Task Force brings together countries from around the world to advance options for international levelies that will raise much needed revenue for the fight against climate change, and to support development and nature","breadcrumb":{"@id":"https:\/\/solidaritylevies.org\/latest\/#breadcrumb"},"inLanguage":"fr-FR","potentialAction":[{"@type":"ReadAction","target":["https:\/\/solidaritylevies.org\/latest\/"]}]},{"@type":"ImageObject","inLanguage":"fr-FR","@id":"https:\/\/solidaritylevies.org\/latest\/#primaryimage","url":"https:\/\/solidaritylevies.org\/app\/uploads\/2024\/06\/Global-Solidarity-Levies-Task-Force-Meta-Image-1-scaled.jpg","contentUrl":"https:\/\/solidaritylevies.org\/app\/uploads\/2024\/06\/Global-Solidarity-Levies-Task-Force-Meta-Image-1-scaled.jpg","width":2560,"height":1343},{"@type":"BreadcrumbList","@id":"https:\/\/solidaritylevies.org\/latest\/#breadcrumb","itemListElement":[{"@type":"ListItem","position":1,"name":"Home","item":"https:\/\/solidaritylevies.org\/"},{"@type":"ListItem","position":2,"name":"Latest"}]},{"@type":"WebSite","@id":"https:\/\/solidaritylevies.org\/#website","url":"https:\/\/solidaritylevies.org\/","name":"Global Solidarity Levies Task Force","description":"For People and the Planet","publisher":{"@id":"https:\/\/solidaritylevies.org\/#organization"},"alternateName":"GSLTF","potentialAction":[{"@type":"SearchAction","target":{"@type":"EntryPoint","urlTemplate":"https:\/\/solidaritylevies.org\/?s={search_term_string}"},"query-input":"required name=search_term_string"}],"inLanguage":"fr-FR"},{"@type":"Organization","@id":"https:\/\/solidaritylevies.org\/#organization","name":"Global Solidarity Levies Task Force","alternateName":"GSLTF","url":"https:\/\/solidaritylevies.org\/","logo":{"@type":"ImageObject","inLanguage":"fr-FR","@id":"https:\/\/solidaritylevies.org\/#\/schema\/logo\/image\/","url":"https:\/\/globalsolidaritylevies.org\/app\/uploads\/2024\/06\/cropped-6627a8ba3085d54b8fd46ff9_Circle-p-1080.png","contentUrl":"https:\/\/globalsolidaritylevies.org\/app\/uploads\/2024\/06\/cropped-6627a8ba3085d54b8fd46ff9_Circle-p-1080.png","width":512,"height":512,"caption":"Global Solidarity Levies Task Force"},"image":{"@id":"https:\/\/solidaritylevies.org\/#\/schema\/logo\/image\/"},"sameAs":["https:\/\/x.com\/gsltaskforce","https:\/\/www.linkedin.com\/company\/global-solidarity-levies-task-force\/"]}]}},"_links":{"self":[{"href":"https:\/\/solidaritylevies.org\/fr\/wp-json\/wp\/v2\/pages\/12"}],"collection":[{"href":"https:\/\/solidaritylevies.org\/fr\/wp-json\/wp\/v2\/pages"}],"about":[{"href":"https:\/\/solidaritylevies.org\/fr\/wp-json\/wp\/v2\/types\/page"}],"author":[{"embeddable":true,"href":"https:\/\/solidaritylevies.org\/fr\/wp-json\/wp\/v2\/users\/1"}],"replies":[{"embeddable":true,"href":"https:\/\/solidaritylevies.org\/fr\/wp-json\/wp\/v2\/comments?post=12"}],"version-history":[{"count":25,"href":"https:\/\/solidaritylevies.org\/fr\/wp-json\/wp\/v2\/pages\/12\/revisions"}],"predecessor-version":[{"id":3631,"href":"https:\/\/solidaritylevies.org\/fr\/wp-json\/wp\/v2\/pages\/12\/revisions\/3631"}],"wp:featuredmedia":[{"embeddable":true,"href":"https:\/\/solidaritylevies.org\/fr\/wp-json\/wp\/v2\/media\/381"}],"wp:attachment":[{"href":"https:\/\/solidaritylevies.org\/fr\/wp-json\/wp\/v2\/media?parent=12"}],"curies":[{"name":"wp","href":"https:\/\/api.w.org\/{rel}","templated":true}]}}