{"id":1023,"date":"2025-04-29T15:23:32","date_gmt":"2025-04-29T15:23:32","guid":{"rendered":"https:\/\/solidaritylevies.org\/?page_id=1023"},"modified":"2025-06-20T08:25:53","modified_gmt":"2025-06-20T08:25:53","slug":"italy-dashboard-profile","status":"publish","type":"page","link":"https:\/\/solidaritylevies.org\/fr\/italy-dashboard-profile\/","title":{"rendered":"Italy Dashboard Profile"},"content":{"rendered":"<div id=\"Hero\" class=\"hero\">\n  <img decoding=\"async\" src=\"https:\/\/solidaritylevies.org\/app\/uploads\/2025\/04\/4096px-SantAngelo_bridge_dusk_Rome_Italy-scaled.jpg\" alt=\"\" class=\"hero-image\">\n      <div class=\"container\">\n    <div class=\"row\">\n      <div class=\"column\">\n        <div class=\"w-richtext\">\n                   <h1>Profil du pays : Italie<\/h1>\n                            <\/div>\n              <\/div>\n    <\/div>\n  <\/div>\n<\/div>\n\n\n\n\n\n\n\n\n\n\n\n\n\n\n\n\n\n\n\n\n<div class=\"section snavy\">\n  <div class=\"container\">\n    <div class=\"row  rcenter\">\n      <div class=\"column\">\n                  <div class=\"w-richtext\"><h3>Ratio imp\u00f4ts\/PIB : 42,8%<\/h3>\n<\/div>\n                \n\n\n      <\/div>\n    <\/div>\n  <\/div>\n<\/div>\n\n\n<div class=\"section slightblue\">\n  <div class=\"container\">\n    <div class=\"row  rcenter\">\n      <div class=\"column\">\n                  <div class=\"w-richtext\"><h3>Aviation: Yes \u2013 tax in place<\/h3>\n<p>Taxe d'embarquement :<\/p>\n<ul>\n<li class=\"ewa-rteLine\"><strong>Domestic flights:<\/strong> 6,57 \u20ac par passager<\/li>\n<li class=\"ewa-rteLine\"><strong>Vols vers les pays de l'UE et de l'EEE :<\/strong> 12,69 \u20ac par passager<\/li>\n<li class=\"ewa-rteLine\"><strong>Vols vers les pays hors EEE :<\/strong> 18,14 \u20ac par passager<\/li>\n<\/ul>\n<p>Taxe municipale : 7,07<\/p>\n<p>Taxe de luxe (pour les passagers voyageant sur des vols charters ex\u00e9cutifs) :<\/p>\n<ul>\n<li>10 \u20ac (distance &lt; 100 km)<\/li>\n<li>100 \u20ac (distance &lt; 1 500 km)<\/li>\n<\/ul>\n<\/div>\n                \n\n\n      <\/div>\n    <\/div>\n  <\/div>\n<\/div>\n\n\n<div class=\"section sgrey\">\n  <div class=\"container\">\n    <div class=\"row  rcenter\">\n      <div class=\"column\">\n                  <div class=\"w-richtext\"><h3>Financial Transactions Tax (FTT): Yes \u2013 tax in place<\/h3>\n<p>Trois cat\u00e9gories de transactions sont consid\u00e9r\u00e9es comme entrant dans le champ d'application de la taxe italienne sur les transactions financi\u00e8res (TTF) :<\/p>\n<ol>\n<li>Actions, instruments financiers participatifs et autres instruments repr\u00e9sentatifs \u00e9mis par des soci\u00e9t\u00e9s r\u00e9sidant en Italie et dont la capitalisation boursi\u00e8re moyenne est sup\u00e9rieure \u00e0 500 millions d'euros.<\/li>\n<li>D\u00e9riv\u00e9s, si plus de 50% de leur valeur de r\u00e9f\u00e9rence sous-jacente se rapporte \u00e0 des actions italiennes dans le champ de l'enqu\u00eate, ou est r\u00e9f\u00e9renc\u00e9e \u00e0 la valeur des actions italiennes dans le champ de l'enqu\u00eate, y compris les options, les warrants, les warrants couverts et les certificats.<\/li>\n<li>Op\u00e9rations \u00e0 haute fr\u00e9quence (HFT), g\u00e9n\u00e9r\u00e9es par un algorithme informatique qui d\u00e9termine automatiquement les d\u00e9cisions relatives aux ordres ou aux param\u00e8tres pertinents, lorsque le ratio des ordres modifi\u00e9s ou annul\u00e9s, dans un laps de temps inf\u00e9rieur \u00e0 une demi-seconde, d\u00e9passe 60% du total des ordres entr\u00e9s.<\/li>\n<\/ol>\n<p>Le taux d'imposition appliqu\u00e9 diff\u00e8re selon le type de transaction, 0,02% sur les transactions \u00e0 haute fr\u00e9quence, 0,10% sur les actions \u00e9chang\u00e9es, 0,20% sur les actions n\u00e9goci\u00e9es de gr\u00e9 \u00e0 gr\u00e9.<\/p>\n<p>Plusieurs exemptions sont accord\u00e9es pour la retenue de l'IFTT, notamment : les activit\u00e9s de tenue de march\u00e9, les transactions visant \u00e0 assurer la liquidit\u00e9 des actions nouvellement \u00e9mises, les achats par les fonds de pension et les entit\u00e9s similaires, les transactions entre parties li\u00e9es, les transactions sur des produits financiers \"\u00e9thiques\" ou \"socialement responsables\", les transactions avec l'UE, la BCE, les banques centrales des \u00c9tats membres de l'UE ou les institutions \u00e9tablies par des accords internationaux, et ex\u00e9cut\u00e9es par l'Italie, les nouvelles \u00e9missions d'actions, y compris lors de la conversion d'obligations, les transferts par voie d'h\u00e9ritage ou de donation, les transactions d'acquisitions temporaires de titres telles que les mises en pension et les pr\u00eats de titres.<\/p>\n<p>L'Italie passerait \u00e0 la TTF de l'UE si une directive \u00e9tait adopt\u00e9e.<\/p>\n<p>Source: <a href=\"https:\/\/cepr.net\/publications\/financial-transactions-taxes-around-the-world\/\">Centre for Economic and Policy Research<\/a><\/p>\n<\/div>\n                \n\n\n      <\/div>\n    <\/div>\n  <\/div>\n<\/div>\n\n\n<div class=\"section snavy\">\n  <div class=\"container\">\n    <div class=\"row  rcenter\">\n      <div class=\"column\">\n                  <div class=\"w-richtext\"><h3>Oil &amp; Gas Revenues:<\/h3>\n<ul>\n<li>Recettes publiques totales provenant du p\u00e9trole et du gaz en 2022 : $0,7 milliards<\/li>\n<li>Part de l'activit\u00e9 p\u00e9troli\u00e8re et gazi\u00e8re couverte : 92%<\/li>\n<\/ul>\n<p>Source: PBPR<\/p>\n<p><i>These figures represent an aggregate of fossil fuel revenues collected through various fiscal instruments, including royalties, taxes, and production entitlements.<\/i><i><\/i><\/p>\n<\/div>\n                \n\n\n      <\/div>\n    <\/div>\n  <\/div>\n<\/div>\n\n\n<div class=\"section slightblue\">\n  <div class=\"container\">\n    <div class=\"row  rcenter\">\n      <div class=\"column\">\n                  <div class=\"w-richtext\"><h3>Carbon Pricing: Yes \u2013 carbon pricing instrument in place<\/h3>\n<p>Il n'existe pas de taxes nationales sur le carbone, mais l'Italie participe au syst\u00e8me europ\u00e9en d'\u00e9change de quotas d'\u00e9mission.<\/p>\n<\/div>\n                \n\n\n      <\/div>\n    <\/div>\n  <\/div>\n<\/div>\n\n\n<div class=\"section sforestgreen\">\n  <div class=\"container\">\n    <div class=\"row  rcenter\">\n            <div class=\"column  center\">\n        <div class=\"w-richtext\">\n          <h2><\/h2>\n          <p><\/p>\n        <\/div>\n                                                            <a href=\"https:\/\/solidaritylevies.org\/fr\/solidarity-levies-dashboard\/\" class=\"button w-button\">Back to Dashboard<\/a>\n                                                  <\/div>\n                                   <\/div>\n  <\/div>\n<\/div>","protected":false},"excerpt":{"rendered":"","protected":false},"author":18,"featured_media":0,"parent":0,"menu_order":0,"comment_status":"closed","ping_status":"closed","template":"","meta":{"_acf_changed":false,"footnotes":""},"acf":[],"yoast_head":"<!-- This site is optimized with the Yoast SEO plugin v22.7 - https:\/\/yoast.com\/wordpress\/plugins\/seo\/ -->\n<title>Italy Dashboard Profile | Global Solidarity Levies Task Force<\/title>\n<meta name=\"description\" content=\"The Global Solidarity Levies Task Force brings together countries from around the world to advance options for international levelies that will raise much needed revenue for the fight against climate change, and to support development and nature.\" \/>\n<meta name=\"robots\" content=\"index, follow, max-snippet:-1, max-image-preview:large, max-video-preview:-1\" \/>\n<link rel=\"canonical\" href=\"https:\/\/solidaritylevies.org\/fr\/italy-dashboard-profile\/\" \/>\n<meta property=\"og:locale\" content=\"fr_FR\" \/>\n<meta property=\"og:type\" content=\"article\" \/>\n<meta property=\"og:title\" content=\"Italy Dashboard Profile | Global Solidarity Levies Task Force\" \/>\n<meta property=\"og:description\" content=\"The Global Solidarity Levies Task Force brings together countries from around the world to advance options for international levelies that will raise much needed revenue for the fight against climate change, and to support development and nature.\" \/>\n<meta property=\"og:url\" content=\"https:\/\/solidaritylevies.org\/fr\/italy-dashboard-profile\/\" \/>\n<meta property=\"og:site_name\" content=\"Global Solidarity Levies Task Force\" \/>\n<meta property=\"article:modified_time\" content=\"2025-06-20T08:25:53+00:00\" \/>\n<meta property=\"og:image\" content=\"https:\/\/solidaritylevies.org\/app\/uploads\/2024\/06\/Global-Solidarity-Levies-Task-Force-Meta-Image-1-scaled.jpg\" \/>\n\t<meta property=\"og:image:width\" content=\"2560\" \/>\n\t<meta property=\"og:image:height\" content=\"1343\" \/>\n\t<meta property=\"og:image:type\" content=\"image\/jpeg\" \/>\n<meta name=\"twitter:card\" content=\"summary_large_image\" \/>\n<meta name=\"twitter:site\" content=\"@gsltaskforce\" \/>\n<script type=\"application\/ld+json\" class=\"yoast-schema-graph\">{\"@context\":\"https:\/\/schema.org\",\"@graph\":[{\"@type\":\"WebPage\",\"@id\":\"https:\/\/solidaritylevies.org\/italy-dashboard-profile\/\",\"url\":\"https:\/\/solidaritylevies.org\/italy-dashboard-profile\/\",\"name\":\"Italy Dashboard Profile | Global Solidarity Levies Task Force\",\"isPartOf\":{\"@id\":\"https:\/\/solidaritylevies.org\/#website\"},\"datePublished\":\"2025-04-29T15:23:32+00:00\",\"dateModified\":\"2025-06-20T08:25:53+00:00\",\"description\":\"The Global Solidarity Levies Task Force brings together countries from around the world to advance options for international levelies that will raise much needed revenue for the fight against climate change, and to support development and nature.\",\"breadcrumb\":{\"@id\":\"https:\/\/solidaritylevies.org\/italy-dashboard-profile\/#breadcrumb\"},\"inLanguage\":\"fr-FR\",\"potentialAction\":[{\"@type\":\"ReadAction\",\"target\":[\"https:\/\/solidaritylevies.org\/italy-dashboard-profile\/\"]}]},{\"@type\":\"BreadcrumbList\",\"@id\":\"https:\/\/solidaritylevies.org\/italy-dashboard-profile\/#breadcrumb\",\"itemListElement\":[{\"@type\":\"ListItem\",\"position\":1,\"name\":\"Home\",\"item\":\"https:\/\/solidaritylevies.org\/\"},{\"@type\":\"ListItem\",\"position\":2,\"name\":\"Italy Dashboard Profile\"}]},{\"@type\":\"WebSite\",\"@id\":\"https:\/\/solidaritylevies.org\/#website\",\"url\":\"https:\/\/solidaritylevies.org\/\",\"name\":\"Global Solidarity Levies Task Force\",\"description\":\"For People and the Planet\",\"publisher\":{\"@id\":\"https:\/\/solidaritylevies.org\/#organization\"},\"alternateName\":\"GSLTF\",\"potentialAction\":[{\"@type\":\"SearchAction\",\"target\":{\"@type\":\"EntryPoint\",\"urlTemplate\":\"https:\/\/solidaritylevies.org\/?s={search_term_string}\"},\"query-input\":\"required name=search_term_string\"}],\"inLanguage\":\"fr-FR\"},{\"@type\":\"Organization\",\"@id\":\"https:\/\/solidaritylevies.org\/#organization\",\"name\":\"Global Solidarity Levies Task Force\",\"alternateName\":\"GSLTF\",\"url\":\"https:\/\/solidaritylevies.org\/\",\"logo\":{\"@type\":\"ImageObject\",\"inLanguage\":\"fr-FR\",\"@id\":\"https:\/\/solidaritylevies.org\/#\/schema\/logo\/image\/\",\"url\":\"https:\/\/globalsolidaritylevies.org\/app\/uploads\/2024\/06\/cropped-6627a8ba3085d54b8fd46ff9_Circle-p-1080.png\",\"contentUrl\":\"https:\/\/globalsolidaritylevies.org\/app\/uploads\/2024\/06\/cropped-6627a8ba3085d54b8fd46ff9_Circle-p-1080.png\",\"width\":512,\"height\":512,\"caption\":\"Global Solidarity Levies Task Force\"},\"image\":{\"@id\":\"https:\/\/solidaritylevies.org\/#\/schema\/logo\/image\/\"},\"sameAs\":[\"https:\/\/x.com\/gsltaskforce\",\"https:\/\/www.linkedin.com\/company\/global-solidarity-levies-task-force\/\"]}]}<\/script>\n<!-- \/ Yoast SEO plugin. -->","yoast_head_json":{"title":"Italy Dashboard Profile | Global Solidarity Levies Task Force","description":"The Global Solidarity Levies Task Force brings together countries from around the world to advance options for international levelies that will raise much needed revenue for the fight against climate change, and to support development and nature.","robots":{"index":"index","follow":"follow","max-snippet":"max-snippet:-1","max-image-preview":"max-image-preview:large","max-video-preview":"max-video-preview:-1"},"canonical":"https:\/\/solidaritylevies.org\/fr\/italy-dashboard-profile\/","og_locale":"fr_FR","og_type":"article","og_title":"Italy Dashboard Profile | Global Solidarity Levies Task Force","og_description":"The Global Solidarity Levies Task Force brings together countries from around the world to advance options for international levelies that will raise much needed revenue for the fight against climate change, and to support development and nature.","og_url":"https:\/\/solidaritylevies.org\/fr\/italy-dashboard-profile\/","og_site_name":"Global Solidarity Levies Task Force","article_modified_time":"2025-06-20T08:25:53+00:00","og_image":[{"width":2560,"height":1343,"url":"https:\/\/solidaritylevies.org\/app\/uploads\/2024\/06\/Global-Solidarity-Levies-Task-Force-Meta-Image-1-scaled.jpg","type":"image\/jpeg"}],"twitter_card":"summary_large_image","twitter_site":"@gsltaskforce","schema":{"@context":"https:\/\/schema.org","@graph":[{"@type":"WebPage","@id":"https:\/\/solidaritylevies.org\/italy-dashboard-profile\/","url":"https:\/\/solidaritylevies.org\/italy-dashboard-profile\/","name":"Italy Dashboard Profile | Global Solidarity Levies Task Force","isPartOf":{"@id":"https:\/\/solidaritylevies.org\/#website"},"datePublished":"2025-04-29T15:23:32+00:00","dateModified":"2025-06-20T08:25:53+00:00","description":"The Global Solidarity Levies Task Force brings together countries from around the world to advance options for international levelies that will raise much needed revenue for the fight against climate change, and to support development and nature.","breadcrumb":{"@id":"https:\/\/solidaritylevies.org\/italy-dashboard-profile\/#breadcrumb"},"inLanguage":"fr-FR","potentialAction":[{"@type":"ReadAction","target":["https:\/\/solidaritylevies.org\/italy-dashboard-profile\/"]}]},{"@type":"BreadcrumbList","@id":"https:\/\/solidaritylevies.org\/italy-dashboard-profile\/#breadcrumb","itemListElement":[{"@type":"ListItem","position":1,"name":"Home","item":"https:\/\/solidaritylevies.org\/"},{"@type":"ListItem","position":2,"name":"Italy Dashboard Profile"}]},{"@type":"WebSite","@id":"https:\/\/solidaritylevies.org\/#website","url":"https:\/\/solidaritylevies.org\/","name":"Global Solidarity Levies Task Force","description":"For People and the Planet","publisher":{"@id":"https:\/\/solidaritylevies.org\/#organization"},"alternateName":"GSLTF","potentialAction":[{"@type":"SearchAction","target":{"@type":"EntryPoint","urlTemplate":"https:\/\/solidaritylevies.org\/?s={search_term_string}"},"query-input":"required name=search_term_string"}],"inLanguage":"fr-FR"},{"@type":"Organization","@id":"https:\/\/solidaritylevies.org\/#organization","name":"Global Solidarity Levies Task Force","alternateName":"GSLTF","url":"https:\/\/solidaritylevies.org\/","logo":{"@type":"ImageObject","inLanguage":"fr-FR","@id":"https:\/\/solidaritylevies.org\/#\/schema\/logo\/image\/","url":"https:\/\/globalsolidaritylevies.org\/app\/uploads\/2024\/06\/cropped-6627a8ba3085d54b8fd46ff9_Circle-p-1080.png","contentUrl":"https:\/\/globalsolidaritylevies.org\/app\/uploads\/2024\/06\/cropped-6627a8ba3085d54b8fd46ff9_Circle-p-1080.png","width":512,"height":512,"caption":"Global Solidarity Levies Task Force"},"image":{"@id":"https:\/\/solidaritylevies.org\/#\/schema\/logo\/image\/"},"sameAs":["https:\/\/x.com\/gsltaskforce","https:\/\/www.linkedin.com\/company\/global-solidarity-levies-task-force\/"]}]}},"_links":{"self":[{"href":"https:\/\/solidaritylevies.org\/fr\/wp-json\/wp\/v2\/pages\/1023"}],"collection":[{"href":"https:\/\/solidaritylevies.org\/fr\/wp-json\/wp\/v2\/pages"}],"about":[{"href":"https:\/\/solidaritylevies.org\/fr\/wp-json\/wp\/v2\/types\/page"}],"author":[{"embeddable":true,"href":"https:\/\/solidaritylevies.org\/fr\/wp-json\/wp\/v2\/users\/18"}],"replies":[{"embeddable":true,"href":"https:\/\/solidaritylevies.org\/fr\/wp-json\/wp\/v2\/comments?post=1023"}],"version-history":[{"count":11,"href":"https:\/\/solidaritylevies.org\/fr\/wp-json\/wp\/v2\/pages\/1023\/revisions"}],"predecessor-version":[{"id":1650,"href":"https:\/\/solidaritylevies.org\/fr\/wp-json\/wp\/v2\/pages\/1023\/revisions\/1650"}],"wp:attachment":[{"href":"https:\/\/solidaritylevies.org\/fr\/wp-json\/wp\/v2\/media?parent=1023"}],"curies":[{"name":"wp","href":"https:\/\/api.w.org\/{rel}","templated":true}]}}